{"id":743,"date":"2020-10-09T14:43:19","date_gmt":"2020-10-09T12:43:19","guid":{"rendered":"http:\/\/hallgames.de\/wordpress\/?page_id=743"},"modified":"2023-06-08T12:24:05","modified_gmt":"2023-06-08T10:24:05","slug":"datenschutzerklaerung","status":"publish","type":"page","link":"https:\/\/hallgames.de\/en_us\/datenschutzerklaerung\/","title":{"rendered":"Data Protection"},"content":{"rendered":"<div data-elementor-type=\"wp-page\" data-elementor-id=\"743\" class=\"elementor elementor-743\">\n\t\t\t\t\t\t<section class=\"elementor-section elementor-top-section elementor-element elementor-element-9ac55ce elementor-section-height-min-height elementor-section-boxed elementor-section-height-default elementor-section-items-middle\" data-id=\"9ac55ce\" data-element_type=\"section\" data-e-type=\"section\" data-settings=\"{&quot;background_background&quot;:&quot;classic&quot;}\">\n\t\t\t\t\t\t\t<div class=\"elementor-background-overlay\"><\/div>\n\t\t\t\t\t\t\t<div class=\"elementor-container elementor-column-gap-no\">\n\t\t\t\t\t<div class=\"elementor-column elementor-col-100 elementor-top-column elementor-element elementor-element-36caf21\" data-id=\"36caf21\" data-element_type=\"column\" data-e-type=\"column\">\n\t\t\t<div class=\"elementor-widget-wrap\">\n\t\t\t\t\t\t\t<\/div>\n\t\t<\/div>\n\t\t\t\t\t<\/div>\n\t\t<\/section>\n\t\t\t\t<section class=\"elementor-section elementor-top-section elementor-element elementor-element-8a43002 elementor-section-boxed elementor-section-height-default elementor-section-height-default\" data-id=\"8a43002\" data-element_type=\"section\" data-e-type=\"section\">\n\t\t\t\t\t\t<div class=\"elementor-container elementor-column-gap-default\">\n\t\t\t\t\t<div class=\"elementor-column elementor-col-100 elementor-top-column elementor-element elementor-element-afe2048\" data-id=\"afe2048\" data-element_type=\"column\" data-e-type=\"column\">\n\t\t\t<div class=\"elementor-widget-wrap elementor-element-populated\">\n\t\t\t\t\t\t<div class=\"elementor-element elementor-element-6c8aea9 elementor-widget elementor-widget-text-editor\" data-id=\"6c8aea9\" data-element_type=\"widget\" data-e-type=\"widget\" data-widget_type=\"text-editor.default\">\n\t\t\t\t<div class=\"elementor-widget-container\">\n\t\t\t\t\t\t\t\t\t<h2>Data Protection<\/h2><h4>1. General Information<\/h4><p>Hall Games takes the protection of your personal data seriously and adheres to the rules of data protection laws. Data that Hall Games processes are either of a purely technical nature or they are personal, i.e. they relate to identifiable natural persons.<br \/>Personal data is not collected on this website.<br \/><br \/>The following declaration gives you an overview of how we guarantee this protection and what kind of data is collected for what purpose.<\/p><p>\u00a0<\/p><h4>2. Automatically collected Data<\/h4><p>2.1 Web Host<br \/>The service provider hosting the Hall Games website automatically saves information that your browser transmits to us in its server protocols (log files). These are:<\/p><ul><li>Browser type \/ version<\/li><li>Operating System used<\/li><li>Referrer URL (the previously visited page)<\/li><li>Host name of the accessing computer (IP address)\nvisited site at Hall Games<\/li><li>Time of the server request<\/li><li>Visited site at Hall Games<\/li><\/ul><p>Hall Games cannot assign this data to specific persons. This data is not combined with other data sources. This data is not evaluated.<br \/><br \/>2.2 Cookies<br \/>The website does not use cookies.<br \/><br \/>2.3 Analysetools<br \/>Analysis tools such as Google Analytics are not used on this website.<br \/><br \/>2.4 Social Media<br \/>Social media service plugins such as B. Facebook or Twitter are not used on this website. Your visit to our website will not connect you to Facebook or Twitter.<br \/><br \/>2.5 ReCaptcha<br \/>We do not use Google\u2019s ReCaptcha on this website.<\/p><p>\u00a0<\/p><h4>3. Personal data<\/h4><p>This website does not collect any personal data, you can contact the publisher via the email address provided.<br \/>The personal data collected in this way is used to contact you as a user if necessary. The lawfulness of the processing is based on your voluntary consent according to Art. 6 Para. 1 lit. a GDPR. Your data will only be stored as long as the purpose of the provision is given.<br \/>A transfer to third parties only takes place in the event that it is necessary for the fulfillment of the agreed services.<br \/>Hall Games has taken measures to ensure an appropriate level of protection in processing.<\/p><p>\u00a0<\/p><h4>4. Rights<\/h4><p>You have the right to receive information free of charge as to whether we are processing personal data about you. If this is the case, you can receive information about your personal data including the processing purpose and the planned storage period.<br \/>You have the right to correct, delete, restrict processing or object to the processing of your personal data. There is also a right of appeal to the competent supervisory authority.<\/p><p>\u00a0<\/p><h4>5. Contact<\/h4><p>Ralph Bruhn is responsible for data protection.<br \/>For all information and questions about data protection, you will find the contact details in the imprint.<\/p>\t\t\t\t\t\t\t\t<\/div>\n\t\t\t\t<\/div>\n\t\t\t\t\t<\/div>\n\t\t<\/div>\n\t\t\t\t\t<\/div>\n\t\t<\/section>\n\t\t\t\t<\/div>","protected":false},"excerpt":{"rendered":"<p>Datenschutzerkl\u00e4rung 1. Allgemeine Hinweise Hall Games nimmt den Schutz Ihrer pers\u00f6nlichen Daten ernst und h\u00e4lt sich an die Regeln der Datenschutzgesetze. Daten, die Hall Games verarbeitet, sind entweder rein technischer Natur oder sie sind personenbezogen, d. h. sie beziehen sich auf identifizierbare nat\u00fcrliche Personen.Personenbezogene Daten werden auf dieser Webseite nicht erhoben. Die nachfolgende Erkl\u00e4rung gibt [&hellip;]<\/p>\n","protected":false},"author":2,"featured_media":0,"parent":0,"menu_order":0,"comment_status":"closed","ping_status":"closed","template":"","meta":{"site-sidebar-layout":"no-sidebar","site-content-layout":"page-builder","ast-site-content-layout":"default","site-content-style":"default","site-sidebar-style":"default","ast-global-header-display":"","ast-banner-title-visibility":"","ast-main-header-display":"","ast-hfb-above-header-display":"","ast-hfb-below-header-display":"","ast-hfb-mobile-header-display":"","site-post-title":"disabled","ast-breadcrumbs-content":"","ast-featured-img":"","footer-sml-layout":"","ast-disable-related-posts":"","theme-transparent-header-meta":"enabled","adv-header-id-meta":"","stick-header-meta":"","header-above-stick-meta":"","header-main-stick-meta":"","header-below-stick-meta":"","astra-migrate-meta-layouts":"default","ast-page-background-enabled":"default","ast-page-background-meta":{"desktop":{"background-color":"","background-image":"","background-repeat":"repeat","background-position":"center center","background-size":"auto","background-attachment":"scroll","background-type":"","background-media":"","overlay-type":"","overlay-color":"","overlay-opacity":"","overlay-gradient":""},"tablet":{"background-color":"","background-image":"","background-repeat":"repeat","background-position":"center center","background-size":"auto","background-attachment":"scroll","background-type":"","background-media":"","overlay-type":"","overlay-color":"","overlay-opacity":"","overlay-gradient":""},"mobile":{"background-color":"","background-image":"","background-repeat":"repeat","background-position":"center center","background-size":"auto","background-attachment":"scroll","background-type":"","background-media":"","overlay-type":"","overlay-color":"","overlay-opacity":"","overlay-gradient":""}},"ast-content-background-meta":{"desktop":{"background-color":"var(--ast-global-color-5)","background-image":"","background-repeat":"repeat","background-position":"center center","background-size":"auto","background-attachment":"scroll","background-type":"","background-media":"","overlay-type":"","overlay-color":"","overlay-opacity":"","overlay-gradient":""},"tablet":{"background-color":"var(--ast-global-color-5)","background-image":"","background-repeat":"repeat","background-position":"center center","background-size":"auto","background-attachment":"scroll","background-type":"","background-media":"","overlay-type":"","overlay-color":"","overlay-opacity":"","overlay-gradient":""},"mobile":{"background-color":"var(--ast-global-color-5)","background-image":"","background-repeat":"repeat","background-position":"center center","background-size":"auto","background-attachment":"scroll","background-type":"","background-media":"","overlay-type":"","overlay-color":"","overlay-opacity":"","overlay-gradient":""}},"footnotes":""},"class_list":["post-743","page","type-page","status-publish","hentry"],"_links":{"self":[{"href":"https:\/\/hallgames.de\/en_us\/wp-json\/wp\/v2\/pages\/743","targetHints":{"allow":["GET"]}}],"collection":[{"href":"https:\/\/hallgames.de\/en_us\/wp-json\/wp\/v2\/pages"}],"about":[{"href":"https:\/\/hallgames.de\/en_us\/wp-json\/wp\/v2\/types\/page"}],"author":[{"embeddable":true,"href":"https:\/\/hallgames.de\/en_us\/wp-json\/wp\/v2\/users\/2"}],"replies":[{"embeddable":true,"href":"https:\/\/hallgames.de\/en_us\/wp-json\/wp\/v2\/comments?post=743"}],"version-history":[{"count":7,"href":"https:\/\/hallgames.de\/en_us\/wp-json\/wp\/v2\/pages\/743\/revisions"}],"predecessor-version":[{"id":1211,"href":"https:\/\/hallgames.de\/en_us\/wp-json\/wp\/v2\/pages\/743\/revisions\/1211"}],"wp:attachment":[{"href":"https:\/\/hallgames.de\/en_us\/wp-json\/wp\/v2\/media?parent=743"}],"curies":[{"name":"wp","href":"https:\/\/api.w.org\/{rel}","templated":true}]}}